{"id":7,"date":"2016-11-11T16:57:17","date_gmt":"2016-11-11T16:57:17","guid":{"rendered":"https:\/\/www.ceors.com.br\/site\/?page_id=7"},"modified":"2024-07-04T13:54:53","modified_gmt":"2024-07-04T16:54:53","slug":"oftalmologista-em-passo-fundo","status":"publish","type":"page","link":"https:\/\/www.ceors.com.br\/site\/","title":{"rendered":"Oftalmologista em Passo Fundo"},"content":{"rendered":"<div class=\"advanced-slider\" id=\"slider-pro-1\" tabindex=\"0\" style=\"width: px; height: px;\">\n\t<div class=\"slides\">\n\t\t<div class=\"slide\" >\n\t\t\t<img decoding=\"async\" class=\"image\" src=\"https:\/\/www.ceors.com.br\/site\/wp-content\/uploads\/2024\/07\/1a.jpg\" alt=\"\"\/>\n\t\t\t<img decoding=\"async\" class=\"thumbnail\" src=\"https:\/\/www.ceors.com.br\/site\/wp-content\/plugins\/slider-pro\/includes\/timthumb\/timthumb.php?q=95&amp;w=80&amp;h=50&amp;a=c&amp;zc=1&amp;src=https:\/\/www.ceors.com.br\/site\/wp-content\/uploads\/2024\/07\/1a.jpg\" alt=\"\"\/>\n\t\t<\/div>\n\t\t<div class=\"slide\" >\n\t\t\t<img decoding=\"async\" class=\"image\" src=\"https:\/\/www.ceors.com.br\/site\/wp-content\/uploads\/2024\/07\/2a.jpg\" alt=\"\"\/>\n\t\t\t<img decoding=\"async\" class=\"thumbnail\" src=\"https:\/\/www.ceors.com.br\/site\/wp-content\/plugins\/slider-pro\/includes\/timthumb\/timthumb.php?q=95&amp;w=80&amp;h=50&amp;a=c&amp;zc=1&amp;src=https:\/\/www.ceors.com.br\/site\/wp-content\/uploads\/2024\/07\/2a.jpg\" alt=\"\"\/>\n\t\t<\/div>\n\t<\/div>\n<\/div>\n\n\n<div style=\"display: none;\">\n<p>Oftalmologista Passo Fundo lentes de contato passo fundo cirurgia de c\u00f3rnea catarata passo fundo, Cirurgia de retina passo fundo cirurgia estrabismo refrativa em Passo Fundo<\/p>\n<h1>Oftalmologista Passo Fundo lentes de contato passo fundo cirurgia de c\u00f3rnea catarata passo fundo, Cirurgia de retina passo fundo cirurgia estrabismo refrativa em Passo Fundo<\/h1>\n<h2>Trabalhamos com a Oftalmologista em Passo Fundo, cirurgia de c\u00f3rnea e catarata em passo fundo e regi\u00e3o, cirurgia de retina em passo fundo, estrabismos em passo fundo, cirurgia refrativa para passo fundo e regi\u00e3o, oftalmologista colista em passo fundo e regi\u00e3o\u00a0Oftalmologista em Passo Fundo, cirurgia de c\u00f3rnea e catarata em passo fundo e regi\u00e3o, oftalmologista em passo fundo, cirurgia estrabismo passo fundo, <a title=\"Oftalmologista em Passo Fundo, cirurgia de c\u00f3rnea e catarata em passo fundo e regi\u00e3o, cirurgia de retina em passo fundo, estrabismos em passo fundo, cirurgia refrativa para passo fundo e regi\u00e3o, oftalmologista colista em passo fundo e regi\u00e3o\" href=\"http:\/\/www.ceors.com.br\">para passo fundo e regi\u00e3o, cria\u00e7\u00e3o de sistemas espec\u00edficos para passo fundo e regi\u00e3o\u00a0Oftalmologista em Passo Fundo, cirurgia de c\u00f3rnea e catarata em passo fundo e regi\u00e3o<\/a>, para passo fundo e regi\u00e3o, cria\u00e7\u00e3o de sistemas espec\u00edficos para passo fundo e regi\u00e3o\u00a0Oftalmologista em Passo Fundo, cirurgia de c\u00f3rnea e catarata em passo fundo e regi\u00e3o, cirurgia de retina em passo fundo, estrabismos em passo fundo, cirurgia refrativa para passo fundo e regi\u00e3o, oftalmologista colista em passo fundo e regi\u00e3o\u00a0Oftalmologista em Passo Fundo, cirurgia de c\u00f3rnea e catarata em passo fundo e regi\u00e3o, oftalmologista em passo fundo, cirurgia estrabismo passo fundo, para passo fundo e regi\u00e3o, <a title=\"Oftalmologista em Passo Fundo, cirurgia de c\u00f3rnea e catarata em passo fundo e regi\u00e3o, cirurgia de retina em passo fundo, estrabismos em passo fundo, cirurgia refrativa para passo fundo e regi\u00e3o, oftalmologista colista em passo fundo e regi\u00e3o\" href=\"https:\/\/www.ceors.com.br\/site\">cria\u00e7\u00e3o de sistemas espec\u00edficos para passo fundo e regi\u00e3o\u00a0Oftalmologista em Passo Fundo, cirurgia de c\u00f3rnea e catarata em passo fundo e regi\u00e3o, cria\u00e7\u00e3o de sit<\/a>es em passo fundo, cria\u00e7\u00e3o de lojas virtuais, portais, hotsites, para passo fundo e regi\u00e3o, cria\u00e7\u00e3o de sistemas espec\u00edficos para passo fundo e regi\u00e3o<\/h2>\n<div id=\"attachment_747\" style=\"width: 353px\" class=\"wp-caption aligncenter\"><a href=\"https:\/\/www.ceors.com.br\/site\/wp-content\/uploads\/2013\/06\/Folder-Pasta-2013_14.jpg\"><img decoding=\"async\" aria-describedby=\"caption-attachment-747\" class=\"size-full wp-image-747 \" title=\"Oftalmologista em Passo Fundo\" src=\"https:\/\/www.ceors.com.br\/site\/wp-content\/uploads\/2013\/06\/Folder-Pasta-2013_14.jpg\" alt=\"Oftalmologista em Passo Fundo\" width=\"343\" height=\"300\" loading=\"lazy\" \/><\/a><p id=\"caption-attachment-747\" class=\"wp-caption-text\">Oftalmologista em Passo Fundo<\/p><\/div>\n<\/div>\n","protected":false},"excerpt":{"rendered":"<p>Oftalmologista Passo Fundo lentes de contato passo fundo cirurgia de c\u00f3rnea catarata passo fundo, Cirurgia de retina passo fundo cirurgia estrabismo refrativa em Passo Fundo Oftalmologista Passo Fundo lentes de contato passo fundo cirurgia de c\u00f3rnea catarata passo fundo, Cirurgia de retina passo fundo cirurgia estrabismo refrativa em Passo Fundo Trabalhamos com a Oftalmologista em [&hellip;]<\/p>\n","protected":false},"author":1,"featured_media":0,"parent":0,"menu_order":0,"comment_status":"closed","ping_status":"closed","template":"template-inicio.php","meta":{"footnotes":""},"_links":{"self":[{"href":"https:\/\/www.ceors.com.br\/site\/wp-json\/wp\/v2\/pages\/7"}],"collection":[{"href":"https:\/\/www.ceors.com.br\/site\/wp-json\/wp\/v2\/pages"}],"about":[{"href":"https:\/\/www.ceors.com.br\/site\/wp-json\/wp\/v2\/types\/page"}],"author":[{"embeddable":true,"href":"https:\/\/www.ceors.com.br\/site\/wp-json\/wp\/v2\/users\/1"}],"replies":[{"embeddable":true,"href":"https:\/\/www.ceors.com.br\/site\/wp-json\/wp\/v2\/comments?post=7"}],"version-history":[{"count":9,"href":"https:\/\/www.ceors.com.br\/site\/wp-json\/wp\/v2\/pages\/7\/revisions"}],"predecessor-version":[{"id":102,"href":"https:\/\/www.ceors.com.br\/site\/wp-json\/wp\/v2\/pages\/7\/revisions\/102"}],"wp:attachment":[{"href":"https:\/\/www.ceors.com.br\/site\/wp-json\/wp\/v2\/media?parent=7"}],"curies":[{"name":"wp","href":"https:\/\/api.w.org\/{rel}","templated":true}]}}