{"id":11,"date":"2016-11-11T16:58:18","date_gmt":"2016-11-11T16:58:18","guid":{"rendered":"https:\/\/www.ceors.com.br\/site\/?page_id=11"},"modified":"2024-07-04T23:33:31","modified_gmt":"2024-07-05T02:33:31","slug":"equipe-medica","status":"publish","type":"page","link":"https:\/\/www.ceors.com.br\/site\/equipe-medica\/","title":{"rendered":"M\u00e9dicos"},"content":{"rendered":"<hr style=\"border: 0; height: 1px; background-image: linear-gradient(to right, rgba(0, 0, 0, 0), rgba(0, 0, 0, 0.25), rgba(0, 0, 0, 0));\" \/>\n<h1 style=\"text-align: center;\">Dr Carlos B\u00fchler Junior<\/h1>\n<p style=\"text-align: center;\"><em><strong>Cirurgia de Catarata, Cirurgia de C\u00f3rnea e Cirurgia Refrativa\u00a0<\/strong><\/em><\/p>\n<p><img decoding=\"async\" class=\"aligncenter wp-image-162\" src=\"https:\/\/www.ceors.com.br\/site\/wp-content\/uploads\/2021\/01\/IMG_2754.jpg\" alt=\"\" width=\"630\" height=\"420\" loading=\"lazy\" srcset=\"https:\/\/www.ceors.com.br\/site\/wp-content\/uploads\/2021\/01\/IMG_2754.jpg 900w, https:\/\/www.ceors.com.br\/site\/wp-content\/uploads\/2021\/01\/IMG_2754-300x200.jpg 300w, https:\/\/www.ceors.com.br\/site\/wp-content\/uploads\/2021\/01\/IMG_2754-768x512.jpg 768w\" sizes=\"(max-width: 630px) 100vw, 630px\" \/><\/p>\n<p style=\"text-align: center;\"><strong>Gradua\u00e7\u00e3o:<\/strong> em Medicina pela UPF em 2008.<\/p>\n<p style=\"text-align: center;\"><strong>Resid\u00eancia M\u00e9dica:<\/strong> Instituto de Oftalmologia Tadeu Cvintal &#8211; S\u00e3o Paulo\/SP &#8211; Ano 2009-2011.<\/p>\n<p style=\"text-align: center;\"><strong>Fellowship:<\/strong> Cirurgia Refrativa na Ocular pelo Surgery Center &#8211; S\u00e3o Paulo\/SP &#8211; Ano 2012.<\/p>\n<hr style=\"border: 0; height: 1px; background-image: linear-gradient(to right, rgba(0, 0, 0, 0), rgba(0, 0, 0, 0.25), rgba(0, 0, 0, 0));\" \/>\n<h1 style=\"text-align: center;\">Dr Eduardo Cavalheiro Pedroso<\/h1>\n<p style=\"text-align: center;\"><em><b>\u00a0Cirurgia de Catarata, Cirurgia da Retina e Cirurgia de Vitreo<\/b><\/em><\/p>\n<p><img decoding=\"async\" class=\"aligncenter size-full wp-image-164\" src=\"https:\/\/www.ceors.com.br\/site\/wp-content\/uploads\/2021\/01\/pf-1.jpg\" alt=\"\" width=\"605\" height=\"411\" loading=\"lazy\" srcset=\"https:\/\/www.ceors.com.br\/site\/wp-content\/uploads\/2021\/01\/pf-1.jpg 605w, https:\/\/www.ceors.com.br\/site\/wp-content\/uploads\/2021\/01\/pf-1-300x204.jpg 300w\" sizes=\"(max-width: 605px) 100vw, 605px\" \/><\/p>\n<p style=\"text-align: center;\"><strong>Gradua\u00e7\u00e3o:<\/strong> em Medicina pela UFRGS em 2004.<\/p>\n<p style=\"text-align: center;\"><strong>Resid\u00eancia M\u00e9dica:<\/strong>\u00a0Instituto de Oftalmologia Tadeu Cvintal &#8211; S\u00e3o Paulo\/SP &#8211; Ano 2007-2010.<\/p>\n<p style=\"text-align: center;\"><strong>Fellowship:<\/strong> Retina e V\u00edtreo pelo Hospital Banco de Olhos de Porto Alegre\/RS &#8211; Ano 2011-2012.<\/p>\n<p><img decoding=\"async\" class=\"aligncenter size-full wp-image-160\" src=\"https:\/\/www.ceors.com.br\/site\/wp-content\/uploads\/2021\/01\/pf2.jpg\" alt=\"\" width=\"605\" height=\"411\" loading=\"lazy\" srcset=\"https:\/\/www.ceors.com.br\/site\/wp-content\/uploads\/2021\/01\/pf2.jpg 605w, https:\/\/www.ceors.com.br\/site\/wp-content\/uploads\/2021\/01\/pf2-300x204.jpg 300w\" sizes=\"(max-width: 605px) 100vw, 605px\" \/><\/p>\n<div style=\"display: none;\">\n<p>Oftalmologista Passo Fundo lentes de contato passo fundo cirurgia de c\u00f3rnea catarata passo fundo, Cirurgia de retina passo fundo cirurgia estrabismo refrativa em Passo Fundo<\/p>\n<h1>Oftalmologista Passo Fundo lentes de contato passo fundo cirurgia de c\u00f3rnea catarata passo fundo, Cirurgia de retina passo fundo cirurgia estrabismo refrativa em Passo Fundo<\/h1>\n<h2>Trabalhamos com a Oftalmologista em Passo Fundo, cirurgia de c\u00f3rnea e catarata em passo fundo e regi\u00e3o, cirurgia de retina em passo fundo, estrabismos em passo fundo, cirurgia refrativa para passo fundo e regi\u00e3o, oftalmologista colista em passo fundo e regi\u00e3o\u00a0Oftalmologista em Passo Fundo, cirurgia de c\u00f3rnea e catarata em passo fundo e regi\u00e3o, oftalmologista em passo fundo, cirurgia estrabismo passo fundo, <a title=\"Oftalmologista em Passo Fundo, cirurgia de c\u00f3rnea e catarata em passo fundo e regi\u00e3o, cirurgia de retina em passo fundo, estrabismos em passo fundo, cirurgia refrativa para passo fundo e regi\u00e3o, oftalmologista colista em passo fundo e regi\u00e3o\" href=\"http:\/\/www.ceors.com.br\">para passo fundo e regi\u00e3o, cria\u00e7\u00e3o de sistemas espec\u00edficos para passo fundo e regi\u00e3o\u00a0Oftalmologista em Passo Fundo, cirurgia de c\u00f3rnea e catarata em passo fundo e regi\u00e3o<\/a>, para passo fundo e regi\u00e3o, cria\u00e7\u00e3o de sistemas espec\u00edficos para passo fundo e regi\u00e3o\u00a0Oftalmologista em Passo Fundo, cirurgia de c\u00f3rnea e catarata em passo fundo e regi\u00e3o, cirurgia de retina em passo fundo, estrabismos em passo fundo, cirurgia refrativa para passo fundo e regi\u00e3o, oftalmologista colista em passo fundo e regi\u00e3o\u00a0Oftalmologista em Passo Fundo, cirurgia de c\u00f3rnea e catarata em passo fundo e regi\u00e3o, oftalmologista em passo fundo, cirurgia estrabismo passo fundo, para passo fundo e regi\u00e3o, <a title=\"Oftalmologista em Passo Fundo, cirurgia de c\u00f3rnea e catarata em passo fundo e regi\u00e3o, cirurgia de retina em passo fundo, estrabismos em passo fundo, cirurgia refrativa para passo fundo e regi\u00e3o, oftalmologista colista em passo fundo e regi\u00e3o\" href=\"https:\/\/www.ceors.com.br\/site\">cria\u00e7\u00e3o de sistemas espec\u00edficos para passo fundo e regi\u00e3o\u00a0Oftalmologista em Passo Fundo, cirurgia de c\u00f3rnea e catarata em passo fundo e regi\u00e3o, cria\u00e7\u00e3o de sit<\/a>es em passo fundo, cria\u00e7\u00e3o de lojas virtuais, portais, hotsites, para passo fundo e regi\u00e3o, cria\u00e7\u00e3o de sistemas espec\u00edficos para passo fundo e regi\u00e3o<\/h2>\n<div id=\"attachment_747\" style=\"width: 353px\" class=\"wp-caption aligncenter\"><a href=\"https:\/\/www.ceors.com.br\/site\/wp-content\/uploads\/2013\/06\/Folder-Pasta-2013_14.jpg\"><img decoding=\"async\" aria-describedby=\"caption-attachment-747\" class=\"size-full wp-image-747 \" title=\"Oftalmologista em Passo Fundo\" src=\"https:\/\/www.ceors.com.br\/site\/wp-content\/uploads\/2013\/06\/Folder-Pasta-2013_14.jpg\" alt=\"Oftalmologista em Passo Fundo\" width=\"343\" height=\"300\" loading=\"lazy\" \/><\/a><p id=\"caption-attachment-747\" class=\"wp-caption-text\">Oftalmologista em Passo Fundo<\/p><\/div>\n<\/div>\n<div id=\"gtx-trans\" style=\"position: absolute; left: 340px; top: 819.75px;\">\n<div class=\"gtx-trans-icon\"><\/div>\n<\/div>\n","protected":false},"excerpt":{"rendered":"<p>Dr Carlos B\u00fchler Junior Cirurgia de Catarata, Cirurgia de C\u00f3rnea e Cirurgia Refrativa\u00a0 Gradua\u00e7\u00e3o: em Medicina pela UPF em 2008. Resid\u00eancia M\u00e9dica: Instituto de Oftalmologia Tadeu Cvintal &#8211; S\u00e3o Paulo\/SP &#8211; Ano 2009-2011. Fellowship: Cirurgia Refrativa na Ocular pelo Surgery Center &#8211; S\u00e3o Paulo\/SP &#8211; Ano 2012. Dr Eduardo Cavalheiro Pedroso \u00a0Cirurgia de Catarata, Cirurgia [&hellip;]<\/p>\n","protected":false},"author":1,"featured_media":0,"parent":0,"menu_order":0,"comment_status":"closed","ping_status":"closed","template":"template-medicos.php","meta":{"footnotes":""},"_links":{"self":[{"href":"https:\/\/www.ceors.com.br\/site\/wp-json\/wp\/v2\/pages\/11"}],"collection":[{"href":"https:\/\/www.ceors.com.br\/site\/wp-json\/wp\/v2\/pages"}],"about":[{"href":"https:\/\/www.ceors.com.br\/site\/wp-json\/wp\/v2\/types\/page"}],"author":[{"embeddable":true,"href":"https:\/\/www.ceors.com.br\/site\/wp-json\/wp\/v2\/users\/1"}],"replies":[{"embeddable":true,"href":"https:\/\/www.ceors.com.br\/site\/wp-json\/wp\/v2\/comments?post=11"}],"version-history":[{"count":25,"href":"https:\/\/www.ceors.com.br\/site\/wp-json\/wp\/v2\/pages\/11\/revisions"}],"predecessor-version":[{"id":167,"href":"https:\/\/www.ceors.com.br\/site\/wp-json\/wp\/v2\/pages\/11\/revisions\/167"}],"wp:attachment":[{"href":"https:\/\/www.ceors.com.br\/site\/wp-json\/wp\/v2\/media?parent=11"}],"curies":[{"name":"wp","href":"https:\/\/api.w.org\/{rel}","templated":true}]}}